{"id":7,"date":"2021-04-06T16:13:34","date_gmt":"2021-04-06T13:13:34","guid":{"rendered":"http:\/\/izmirdavalari.com\/?page_id=7"},"modified":"2022-12-08T13:39:43","modified_gmt":"2022-12-08T10:39:43","slug":"bize-ulasin","status":"publish","type":"page","link":"https:\/\/izmirdavalari.com\/index.php\/bize-ulasin\/","title":{"rendered":"Bize ula\u015f\u0131n"},"content":{"rendered":"\r\n<p><strong>GSM\u00a0 :<\/strong>  0543 736 58 11<\/p>\r\n<p><strong>E-Mail\u00a0 \u00a0: <\/strong>izmirdavalari@gmail.com<\/p>\r\n<p><strong>ADRES\u00a0 :<\/strong> Adalet Mah., Bayrakl\u0131\/\u0130ZM\u0130R<\/p>\r\n<p>&nbsp;<\/p>\r\n\r\n<p><iframe loading=\"lazy\" style=\"border: 0;\" src=\"https:\/\/www.google.com\/maps\/embed?pb=!1m18!1m12!1m3!1d3124.347112901584!2d27.178449215337448!3d38.45654697964109!2m3!1f0!2f0!3f0!3m2!1i1024!2i768!4f13.1!3m3!1m2!1s0x14b962ac5ffb9711%3A0x289f11463d8f2fce!2zQWRhbGV0LCAyMTMxLzIwLiBTay4gTm86NSwgMzU1MzAgQmF5cmFrbMSxL8Swem1pcg!5e0!3m2!1str!2str!4v1631137541800!5m2!1str!2str\" width=\"600\" height=\"450\" allowfullscreen=\"allowfullscreen\"><\/iframe><\/p>","protected":false},"excerpt":{"rendered":"<p>GSM\u00a0 : 0543 736 58 11 E-Mail\u00a0 \u00a0: izmirdavalari@gmail.com ADRES\u00a0 : Adalet Mah., Bayrakl\u0131\/\u0130ZM\u0130R &nbsp;<\/p>\n","protected":false},"author":1,"featured_media":0,"parent":0,"menu_order":0,"comment_status":"closed","ping_status":"closed","template":"","meta":{"spay_email":"","footnotes":""},"class_list":["post-7","page","type-page","status-publish","hentry"],"jetpack-related-posts":[{"id":26,"url":"https:\/\/izmirdavalari.com\/","url_meta":{"origin":7,"position":0},"title":"Front Page","date":"6 Nisan 2021","format":false,"excerpt":"Hakk\u0131m\u0131zda \u0130zmir Davalar\u0131 Ofisi olarak h\u0131zl\u0131 ve etkili hukuki \u00e7\u00f6z\u00fcmler \u00fcretiyoruz. \u0130htiyac\u0131n\u0131z olan tecr\u00fcbe ile \u00e7\u0131karlar\u0131n\u0131z\u0131 koruyoruz. \u0130zmir Bayrakl\u0131'da bulunan ofisimizde alan\u0131nda uzman avukatlar\u0131m\u0131zla i\u015f hukuku, gayrimenkul hukuku, ceza hukuku, idare hukuku ve aile hukuku ba\u015fta olmak \u00fczere hukukun b\u00fct\u00fcn dallar\u0131ndaki uyu\u015fmazl\u0131klar\u0131n ortadan kald\u0131r\u0131lmas\u0131nda hukuki dan\u0131\u015fmanl\u0131k veriyoruz. \u00c7ALI\u015eMA ALANLARIMIZ \u0130\u015e\u2026","rel":"","context":"Benzer yaz\u0131","img":{"alt_text":"","src":"","width":0,"height":0},"classes":[]},{"id":8,"url":"https:\/\/izmirdavalari.com\/index.php\/makaleler\/","url_meta":{"origin":7,"position":1},"title":"Makaleler","date":"6 Nisan 2021","format":false,"excerpt":"","rel":"","context":"Benzer yaz\u0131","img":{"alt_text":"","src":"","width":0,"height":0},"classes":[]},{"id":6,"url":"https:\/\/izmirdavalari.com\/index.php\/hakkimizda\/","url_meta":{"origin":7,"position":2},"title":"Hakk\u0131m\u0131zda","date":"6 Nisan 2021","format":false,"excerpt":"Kendini ve i\u015flerini tan\u0131tmak isteyen bir sanat\u00e7\u0131 olabilece\u011finiz gibi misyonunu a\u00e7\u0131klamak isteyen bir firma da olabilirsiniz.","rel":"","context":"Benzer yaz\u0131","img":{"alt_text":"","src":"","width":0,"height":0},"classes":[]},{"id":10,"url":"https:\/\/izmirdavalari.com\/index.php\/ana-sayfa\/","url_meta":{"origin":7,"position":3},"title":"Ana sayfa","date":"6 Nisan 2021","format":false,"excerpt":"Sitenize ho\u015f geldiniz! Bu sizin ana sayfan\u0131z, ki ziyaret\u00e7ilerinizin \u00e7o\u011fu sitenize geldi\u011finde ilk olarak bu sayfay\u0131 g\u00f6r\u00fcnt\u00fclerler.","rel":"","context":"Benzer yaz\u0131","img":{"alt_text":"","src":"","width":0,"height":0},"classes":[]},{"id":2,"url":"https:\/\/izmirdavalari.com\/index.php\/avukatadanis\/","url_meta":{"origin":7,"position":4},"title":"AVUKATA DANI\u015e","date":"6 Nisan 2021","format":false,"excerpt":"Uzman avukatlar\u0131m\u0131za a\u015fa\u011f\u0131da yer alan form vas\u0131tas\u0131yla hukuki dan\u0131\u015fmada bulunabilirsiniz. En k\u0131sa s\u00fcrede size d\u00f6n\u00fc\u015f yapaca\u011f\u0131z.","rel":"","context":"Benzer yaz\u0131","img":{"alt_text":"","src":"","width":0,"height":0},"classes":[]},{"id":5,"url":"https:\/\/izmirdavalari.com\/index.php\/web-sitenizi-bloklar-ile-olusturun\/","url_meta":{"origin":7,"position":5},"title":"Web sitenizi bloklar ile olu\u015fturun","date":"6 Nisan 2021","format":false,"excerpt":"Web sitenizi bloklar ile olu\u015fturun Blok desenleri ekleyin Blok desenleri \u00f6nceden tasarlanm\u0131\u015f blok gruplar\u0131d\u0131r. Bir tane eklemek i\u00e7in d\u00fczenleyicinin en \u00fcst\u00fcnde yer alan [+] Blok ekleme tu\u015funa bas\u0131n. Arama \u00e7ubu\u011funun hemen alt\u0131ndaki Desenler sekmesine ge\u00e7in ve bir desen se\u00e7in. G\u00f6rsellerinizi \u00e7er\u00e7eveleyin Yirmi Yirmibir i\u00e7eri\u011finiz i\u00e7in \u015f\u0131k kenarl\u0131klar i\u00e7erir. Bir g\u00f6rsel\u2026","rel":"","context":"Benzer yaz\u0131","img":{"alt_text":"","src":"","width":0,"height":0},"classes":[]}],"_links":{"self":[{"href":"https:\/\/izmirdavalari.com\/index.php\/wp-json\/wp\/v2\/pages\/7","targetHints":{"allow":["GET"]}}],"collection":[{"href":"https:\/\/izmirdavalari.com\/index.php\/wp-json\/wp\/v2\/pages"}],"about":[{"href":"https:\/\/izmirdavalari.com\/index.php\/wp-json\/wp\/v2\/types\/page"}],"author":[{"embeddable":true,"href":"https:\/\/izmirdavalari.com\/index.php\/wp-json\/wp\/v2\/users\/1"}],"replies":[{"embeddable":true,"href":"https:\/\/izmirdavalari.com\/index.php\/wp-json\/wp\/v2\/comments?post=7"}],"version-history":[{"count":11,"href":"https:\/\/izmirdavalari.com\/index.php\/wp-json\/wp\/v2\/pages\/7\/revisions"}],"predecessor-version":[{"id":489,"href":"https:\/\/izmirdavalari.com\/index.php\/wp-json\/wp\/v2\/pages\/7\/revisions\/489"}],"wp:attachment":[{"href":"https:\/\/izmirdavalari.com\/index.php\/wp-json\/wp\/v2\/media?parent=7"}],"curies":[{"name":"wp","href":"https:\/\/api.w.org\/{rel}","templated":true}]}}